{"id":24,"date":"2014-12-10T01:19:14","date_gmt":"2014-12-10T01:19:14","guid":{"rendered":"http:\/\/gleysonsilva.com\/new\/?page_id=24"},"modified":"2020-10-27T17:32:32","modified_gmt":"2020-10-27T17:32:32","slug":"about","status":"publish","type":"page","link":"https:\/\/seuimovelnaflorida.com\/en\/about\/","title":{"rendered":"About Me"},"content":{"rendered":"<p><a href=\"http:\/\/seuimovelnaflorida.com\/wp-content\/uploads\/2014\/12\/aboutus1.jpg\"><img fetchpriority=\"high\" decoding=\"async\" class=\" size-medium wp-image-307 alignleft\" src=\"http:\/\/seuimovelnaflorida.com\/wp-content\/uploads\/2014\/12\/aboutus1-200x300.jpg\" alt=\"aboutus[1]\" width=\"200\" height=\"300\" srcset=\"https:\/\/seuimovelnaflorida.com\/wp-content\/uploads\/2014\/12\/aboutus1-200x300.jpg 200w, https:\/\/seuimovelnaflorida.com\/wp-content\/uploads\/2014\/12\/aboutus1.jpg 334w\" sizes=\"(max-width: 200px) 100vw, 200px\" \/><\/a><span style=\"color: #333300;\">Golden Key Real Estate Solutions\u00a0represents a group of professionals led by the real estate agent Gleyson Persio Silva, which has as a mission, supply the high demand of Brazilian clients in fulfilling their investment objectives in the American real estate market, in a way that is transparent, safe, fast and practical.<\/span><\/p>\n<div class=\"quote\">\n<h2 class=\"apos\">&#8220;<\/h2>\n<h3><span style=\"color: #333333;\"><span style=\"color: #109bdc;\">Our group has as mission to make, with excellence, all of our client\u2019s dreams come true, when it comes to their real estate investments and housing accommodations.\u00a0<span style=\"color: #999999;\">\u201d<\/span><\/span><\/span><\/h3>\n<h4><span style=\"color: #999999;\">Gleyson Persio Silva<\/span><\/h4>\n<h3 style=\"text-align: justify;\"><\/h3>\n<h3 style=\"text-align: justify;\"><\/h3>\n<\/div>\n<p><span style=\"color: #333300;\">The group created in 2014 offers the concept of unifying all of our investor\u2019s necessities within one net of professionals, connected by the idea of pragmatism and by principles of commitment, high ethics, professionalism and competence.<\/span><\/p>\n<p><span style=\"color: #333300;\">This group of professionals offers as leading service the search of the ideal real estate investment designed for each particular case and client. However, our group is not limited to this service only. Because we are aware of our clients necessities we have decided to partner up with immigration attorneys, accountants, insurance agents, property managers, decorators and even a professional capable of designing business plans for our clients who are entrepreneurs!<\/span><\/p>\n<p><span style=\"color: #333300;\">With a law degree since 2005 and with an experience of being an agent since 2008, Gleyson Persio Silva has as a higher mission to provide a better quality of life to his clients, either by finding the perfect house for them or by utilizing his negotiating methods to deliver the best possible deal which will give them the best possible return on their investment.<\/span><\/p>\n<p><span style=\"color: #333300;\">According to Gleyson \u201cAll of us have deep inside this constant feeling of need of improvement to our quality of life, not only for us, but for the ones we love. Our group has as mission to make, with excellence, all of our client\u2019s dreams come true, when it comes to their real estate investments and housing accommodations.\u201d.<\/span><\/p>\n<p><span style=\"color: #333300;\">And this reality is even closer than you think.<\/span><\/p>\n<p><span style=\"color: #333300;\">Do not give up on the quality of life and peace of mind that you deserve. Contact us immediately and take the first step to a new life of investments, fulfillment and success!<\/span><\/p>\n<div class=\"white-block \">\n<h4><span style=\"color: #333300;\">Mission:<\/span><\/h4>\n<p><span style=\"color: #333300;\">To offer a higher quality of life to our clients either by finding their perfect dream home or by providing the ideal investment for them guaranteeing the possible return on their money, with transparency, honesty, security and competence that only the best Florida agents can provide.<\/span><\/p>\n<\/div>\n<div class=\"white-block \">\n<h4><span style=\"color: #333300;\">Vision:<\/span><\/h4>\n<p><span style=\"color: #333300;\">Provide integrated services to our clients with the objective of dealing with all of their needs without having to leave the office looking for other professionals. From the beginning with the search for the perfect house and after, with the services of attorneys, accountants, decorators, property managers and even business planning. We will take care of all our client\u2019s needs from beginning to end.<\/span><\/p>\n<\/div>\n<div class=\"white-block no-margin\">\n<h4><span style=\"color: #333300;\">Values:<\/span><\/h4>\n<p><span style=\"color: #333300;\">Transparency, security and high moral and work ethics are our core values. We believe that our company is only truly successful when our clients are able to achieve the best possible investments through the services that we provide.<\/span><\/p>\n<\/div>\n<p><\/p>","protected":false},"excerpt":{"rendered":"<p>Golden Key Real Estate Solutions\u00a0represents a group of professionals led by the real estate agent Gleyson Persio Silva, which has as a mission, supply the high demand of Brazilian clients in fulfilling their investment objectives in the American real estate market, in a way that is transparent, safe, fast and practical. &#8220; Our group has [&hellip;]<\/p>\n","protected":false},"author":3,"featured_media":5328,"parent":0,"menu_order":0,"comment_status":"closed","ping_status":"closed","template":"","meta":{"_acf_changed":false,"footnotes":""},"class_list":["post-24","page","type-page","status-publish","has-post-thumbnail","hentry"],"acf":[],"yoast_head":"<!-- This site is optimized with the Yoast SEO plugin v24.9 - https:\/\/yoast.com\/wordpress\/plugins\/seo\/ -->\n<title>Im\u00f3veis em Orlando - Casas e Apartamentos<\/title>\n<meta name=\"description\" content=\"A Gleyson Silva Professional Association \u00e9 uma empresa com base em Orlando no estado da Fl\u00f3rida. Temos ofertas de Im\u00f3veis em Orlando e toda a Fl\u00f3rida.\" \/>\n<meta name=\"robots\" content=\"index, follow, max-snippet:-1, max-image-preview:large, max-video-preview:-1\" \/>\n<link rel=\"canonical\" href=\"https:\/\/seuimovelnaflorida.com\/about\/\" \/>\n<meta property=\"og:locale\" content=\"en_US\" \/>\n<meta property=\"og:type\" content=\"article\" \/>\n<meta property=\"og:title\" content=\"Im\u00f3veis em Orlando - Casas e Apartamentos\" \/>\n<meta property=\"og:description\" content=\"A Gleyson Silva Professional Association \u00e9 uma empresa com base em Orlando no estado da Fl\u00f3rida. Temos ofertas de Im\u00f3veis em Orlando e toda a Fl\u00f3rida.\" \/>\n<meta property=\"og:url\" content=\"https:\/\/seuimovelnaflorida.com\/about\/\" \/>\n<meta property=\"og:site_name\" content=\"Im\u00f3veis em Orlando, Miami, Florida - Casas e apartamentos - Gleyson Persio Silva\" \/>\n<meta property=\"article:modified_time\" content=\"2020-10-27T17:32:32+00:00\" \/>\n<meta property=\"og:image\" content=\"https:\/\/seuimovelnaflorida.com\/wp-content\/uploads\/2023\/02\/5a20e28f947c9566d4a94e3230c0f5b6_63f42d0f58c70.jpeg\" \/>\n\t<meta property=\"og:image:width\" content=\"1\" \/>\n\t<meta property=\"og:image:height\" content=\"1\" \/>\n\t<meta property=\"og:image:type\" content=\"image\/jpeg\" \/>\n<meta name=\"twitter:card\" content=\"summary_large_image\" \/>\n<meta name=\"twitter:label1\" content=\"Est. reading time\" \/>\n\t<meta name=\"twitter:data1\" content=\"6 minutes\" \/>\n<script type=\"application\/ld+json\" class=\"yoast-schema-graph\">{\"@context\":\"https:\/\/schema.org\",\"@graph\":[{\"@type\":\"WebPage\",\"@id\":\"https:\/\/seuimovelnaflorida.com\/about\/\",\"url\":\"https:\/\/seuimovelnaflorida.com\/about\/\",\"name\":\"Im\u00f3veis em Orlando - Casas e Apartamentos\",\"isPartOf\":{\"@id\":\"\/#website\"},\"primaryImageOfPage\":{\"@id\":\"https:\/\/seuimovelnaflorida.com\/about\/#primaryimage\"},\"image\":{\"@id\":\"https:\/\/seuimovelnaflorida.com\/about\/#primaryimage\"},\"thumbnailUrl\":\"https:\/\/seuimovelnaflorida.com\/wp-content\/uploads\/2023\/02\/5a20e28f947c9566d4a94e3230c0f5b6_63f42d0f58c70.jpeg\",\"datePublished\":\"2014-12-10T01:19:14+00:00\",\"dateModified\":\"2020-10-27T17:32:32+00:00\",\"description\":\"A Gleyson Silva Professional Association \u00e9 uma empresa com base em Orlando no estado da Fl\u00f3rida. Temos ofertas de Im\u00f3veis em Orlando e toda a Fl\u00f3rida.\",\"breadcrumb\":{\"@id\":\"https:\/\/seuimovelnaflorida.com\/about\/#breadcrumb\"},\"inLanguage\":\"en-US\",\"potentialAction\":[{\"@type\":\"ReadAction\",\"target\":[\"https:\/\/seuimovelnaflorida.com\/about\/\"]}]},{\"@type\":\"ImageObject\",\"inLanguage\":\"en-US\",\"@id\":\"https:\/\/seuimovelnaflorida.com\/about\/#primaryimage\",\"url\":\"https:\/\/seuimovelnaflorida.com\/wp-content\/uploads\/2023\/02\/5a20e28f947c9566d4a94e3230c0f5b6_63f42d0f58c70.jpeg\",\"contentUrl\":\"https:\/\/seuimovelnaflorida.com\/wp-content\/uploads\/2023\/02\/5a20e28f947c9566d4a94e3230c0f5b6_63f42d0f58c70.jpeg\"},{\"@type\":\"BreadcrumbList\",\"@id\":\"https:\/\/seuimovelnaflorida.com\/about\/#breadcrumb\",\"itemListElement\":[{\"@type\":\"ListItem\",\"position\":1,\"name\":\"Home\",\"item\":\"https:\/\/seuimovelnaflorida.com\/\"},{\"@type\":\"ListItem\",\"position\":2,\"name\":\"Perfil &#8211; Im\u00f3veis em Orlando\"}]},{\"@type\":\"WebSite\",\"@id\":\"\/#website\",\"url\":\"\/\",\"name\":\"Im\u00f3veis em Orlando, Miami, Florida - Casas e apartamentos - Gleyson Persio Silva\",\"description\":\"Realtor\",\"potentialAction\":[{\"@type\":\"SearchAction\",\"target\":{\"@type\":\"EntryPoint\",\"urlTemplate\":\"\/?s={search_term_string}\"},\"query-input\":{\"@type\":\"PropertyValueSpecification\",\"valueRequired\":true,\"valueName\":\"search_term_string\"}}],\"inLanguage\":\"en-US\"}]}<\/script>\n<!-- \/ Yoast SEO plugin. -->","yoast_head_json":{"title":"Im\u00f3veis em Orlando - Casas e Apartamentos","description":"A Gleyson Silva Professional Association \u00e9 uma empresa com base em Orlando no estado da Fl\u00f3rida. Temos ofertas de Im\u00f3veis em Orlando e toda a Fl\u00f3rida.","robots":{"index":"index","follow":"follow","max-snippet":"max-snippet:-1","max-image-preview":"max-image-preview:large","max-video-preview":"max-video-preview:-1"},"canonical":"https:\/\/seuimovelnaflorida.com\/about\/","og_locale":"en_US","og_type":"article","og_title":"Im\u00f3veis em Orlando - Casas e Apartamentos","og_description":"A Gleyson Silva Professional Association \u00e9 uma empresa com base em Orlando no estado da Fl\u00f3rida. Temos ofertas de Im\u00f3veis em Orlando e toda a Fl\u00f3rida.","og_url":"https:\/\/seuimovelnaflorida.com\/about\/","og_site_name":"Im\u00f3veis em Orlando, Miami, Florida - Casas e apartamentos - Gleyson Persio Silva","article_modified_time":"2020-10-27T17:32:32+00:00","og_image":[{"url":"https:\/\/seuimovelnaflorida.com\/wp-content\/uploads\/2023\/02\/5a20e28f947c9566d4a94e3230c0f5b6_63f42d0f58c70.jpeg","width":1,"height":1,"type":"image\/jpeg"}],"twitter_card":"summary_large_image","twitter_misc":{"Est. reading time":"6 minutes"},"schema":{"@context":"https:\/\/schema.org","@graph":[{"@type":"WebPage","@id":"https:\/\/seuimovelnaflorida.com\/about\/","url":"https:\/\/seuimovelnaflorida.com\/about\/","name":"Im\u00f3veis em Orlando - Casas e Apartamentos","isPartOf":{"@id":"\/#website"},"primaryImageOfPage":{"@id":"https:\/\/seuimovelnaflorida.com\/about\/#primaryimage"},"image":{"@id":"https:\/\/seuimovelnaflorida.com\/about\/#primaryimage"},"thumbnailUrl":"https:\/\/seuimovelnaflorida.com\/wp-content\/uploads\/2023\/02\/5a20e28f947c9566d4a94e3230c0f5b6_63f42d0f58c70.jpeg","datePublished":"2014-12-10T01:19:14+00:00","dateModified":"2020-10-27T17:32:32+00:00","description":"A Gleyson Silva Professional Association \u00e9 uma empresa com base em Orlando no estado da Fl\u00f3rida. Temos ofertas de Im\u00f3veis em Orlando e toda a Fl\u00f3rida.","breadcrumb":{"@id":"https:\/\/seuimovelnaflorida.com\/about\/#breadcrumb"},"inLanguage":"en-US","potentialAction":[{"@type":"ReadAction","target":["https:\/\/seuimovelnaflorida.com\/about\/"]}]},{"@type":"ImageObject","inLanguage":"en-US","@id":"https:\/\/seuimovelnaflorida.com\/about\/#primaryimage","url":"https:\/\/seuimovelnaflorida.com\/wp-content\/uploads\/2023\/02\/5a20e28f947c9566d4a94e3230c0f5b6_63f42d0f58c70.jpeg","contentUrl":"https:\/\/seuimovelnaflorida.com\/wp-content\/uploads\/2023\/02\/5a20e28f947c9566d4a94e3230c0f5b6_63f42d0f58c70.jpeg"},{"@type":"BreadcrumbList","@id":"https:\/\/seuimovelnaflorida.com\/about\/#breadcrumb","itemListElement":[{"@type":"ListItem","position":1,"name":"Home","item":"https:\/\/seuimovelnaflorida.com\/"},{"@type":"ListItem","position":2,"name":"Perfil &#8211; Im\u00f3veis em Orlando"}]},{"@type":"WebSite","@id":"\/#website","url":"\/","name":"Im\u00f3veis em Orlando, Miami, Florida - Casas e apartamentos - Gleyson Persio Silva","description":"Realtor","potentialAction":[{"@type":"SearchAction","target":{"@type":"EntryPoint","urlTemplate":"\/?s={search_term_string}"},"query-input":{"@type":"PropertyValueSpecification","valueRequired":true,"valueName":"search_term_string"}}],"inLanguage":"en-US"}]}},"_links":{"self":[{"href":"https:\/\/seuimovelnaflorida.com\/en\/wp-json\/wp\/v2\/pages\/24","targetHints":{"allow":["GET"]}}],"collection":[{"href":"https:\/\/seuimovelnaflorida.com\/en\/wp-json\/wp\/v2\/pages"}],"about":[{"href":"https:\/\/seuimovelnaflorida.com\/en\/wp-json\/wp\/v2\/types\/page"}],"author":[{"embeddable":true,"href":"https:\/\/seuimovelnaflorida.com\/en\/wp-json\/wp\/v2\/users\/3"}],"replies":[{"embeddable":true,"href":"https:\/\/seuimovelnaflorida.com\/en\/wp-json\/wp\/v2\/comments?post=24"}],"version-history":[{"count":16,"href":"https:\/\/seuimovelnaflorida.com\/en\/wp-json\/wp\/v2\/pages\/24\/revisions"}],"predecessor-version":[{"id":3967,"href":"https:\/\/seuimovelnaflorida.com\/en\/wp-json\/wp\/v2\/pages\/24\/revisions\/3967"}],"wp:featuredmedia":[{"embeddable":true,"href":"https:\/\/seuimovelnaflorida.com\/en\/wp-json\/wp\/v2\/media\/5328"}],"wp:attachment":[{"href":"https:\/\/seuimovelnaflorida.com\/en\/wp-json\/wp\/v2\/media?parent=24"}],"curies":[{"name":"wp","href":"https:\/\/api.w.org\/{rel}","templated":true}]}}