{"id":27,"date":"2014-12-10T01:43:46","date_gmt":"2014-12-10T01:43:46","guid":{"rendered":"http:\/\/gleysonsilva.com\/new\/?page_id=27"},"modified":"2023-01-17T03:29:20","modified_gmt":"2023-01-17T03:29:20","slug":"contact-me","status":"publish","type":"page","link":"https:\/\/seuimovelnaflorida.com\/en\/contact-me\/","title":{"rendered":"Contact Me"},"content":{"rendered":"<p><em><strong>Contact Me &#8211; Houses For Sale Florida, Orlando, Miami.<\/strong><\/em><\/p>\n<p><strong><span style=\"color: #333300;\">Address<\/span><\/strong><br \/>\n<span style=\"color: #333333;\"><span style=\"color: #109bdc;\">6965 Piazza Grande Ave, Ste 212 &#8211; Orlando, Florida -32835<\/span><\/span><\/p>\n<p>Charles Rutenberg Realty &#8211; Brokerage<\/p>\n<p><strong><span style=\"color: #333300;\">Phone<\/span><\/strong><br \/>\n<span style=\"color: #333333;\"><span style=\"color: #109bdc;\">USA &#8211; O: 407.801.8283 &#8211; C: 407.575.7332<\/span><\/span><\/p>\n<p><span style=\"color: #333333;\"><span style=\"color: #109bdc;\">BRA &#8211; SP: 011.3181-7389 &#8211; SC: 047.3246.6333<\/span><\/span><\/p>\n<p><strong><span style=\"color: #333300;\">Skype<\/span><\/strong><br \/>\n<span style=\"color: #333333;\"><span style=\"color: #109bdc;\">gleyson.persio.silva<\/span><\/span><\/p>\n<p><strong><span style=\"color: #333300;\">Hours of Operation<\/span><\/strong><br \/>\n<span style=\"color: #333333;\"><span style=\"color: #109bdc;\">Monday &#8211; Friday: 9:30am &#8211; 5:30pm<\/span><\/span><\/p>\n<p><span style=\"color: #333333;\"><span style=\"color: #109bdc;\">Please fill out the form below and one of our representatives will contact you shortly.<\/span><\/span><\/p>","protected":false},"excerpt":{"rendered":"<p>Contact Me &#8211; Houses For Sale Florida, Orlando, Miami. Address 6965 Piazza Grande Ave, Ste 212 &#8211; Orlando, Florida -32835 Charles Rutenberg Realty &#8211; Brokerage Phone USA &#8211; O: 407.801.8283 &#8211; C: 407.575.7332 BRA &#8211; SP: 011.3181-7389 &#8211; SC: 047.3246.6333 Skype gleyson.persio.silva Hours of Operation Monday &#8211; Friday: 9:30am &#8211; 5:30pm Please fill out the [&hellip;]<\/p>\n","protected":false},"author":3,"featured_media":0,"parent":0,"menu_order":0,"comment_status":"closed","ping_status":"closed","template":"","meta":{"_acf_changed":false,"footnotes":""},"class_list":["post-27","page","type-page","status-publish","hentry"],"acf":[],"yoast_head":"<!-- This site is optimized with the Yoast SEO plugin v24.9 - https:\/\/yoast.com\/wordpress\/plugins\/seo\/ -->\n<title>Contato - Im\u00f3veis nos EUA, Orlando, Miami, Florida.<\/title>\n<meta name=\"description\" content=\"Contato - Im\u00f3veis nos EUA, Orlando, Miami, Florida. Endere\u00e7o 6965 Piazza Grande Ave, Ste 212 - Orlando, Florida -32835, BRA - SP: 011.3197.4717Contact Me - Houses For Sale Florida, Orlando, Miami. Address 6965 Piazza Grande Ave, Ste 212 - Orlando, Florida -32835, USA - O: 407.801.8283.\" \/>\n<meta name=\"robots\" content=\"index, follow, max-snippet:-1, max-image-preview:large, max-video-preview:-1\" \/>\n<link rel=\"canonical\" href=\"https:\/\/seuimovelnaflorida.com\/contact-me\/\" \/>\n<meta property=\"og:locale\" content=\"en_US\" \/>\n<meta property=\"og:type\" content=\"article\" \/>\n<meta property=\"og:title\" content=\"Contato - Im\u00f3veis nos EUA, Orlando, Miami, Florida.\" \/>\n<meta property=\"og:description\" content=\"Contato - Im\u00f3veis nos EUA, Orlando, Miami, Florida. Endere\u00e7o 6965 Piazza Grande Ave, Ste 212 - Orlando, Florida -32835, BRA - SP: 011.3197.4717Contact Me - Houses For Sale Florida, Orlando, Miami. Address 6965 Piazza Grande Ave, Ste 212 - Orlando, Florida -32835, USA - O: 407.801.8283.\" \/>\n<meta property=\"og:url\" content=\"https:\/\/seuimovelnaflorida.com\/contact-me\/\" \/>\n<meta property=\"og:site_name\" content=\"Im\u00f3veis em Orlando, Miami, Florida - Casas e apartamentos - Gleyson Persio Silva\" \/>\n<meta property=\"article:modified_time\" content=\"2023-01-17T03:29:20+00:00\" \/>\n<meta name=\"twitter:card\" content=\"summary_large_image\" \/>\n<meta name=\"twitter:label1\" content=\"Est. reading time\" \/>\n\t<meta name=\"twitter:data1\" content=\"1 minute\" \/>\n<script type=\"application\/ld+json\" class=\"yoast-schema-graph\">{\"@context\":\"https:\/\/schema.org\",\"@graph\":[{\"@type\":\"WebPage\",\"@id\":\"https:\/\/seuimovelnaflorida.com\/contact-me\/\",\"url\":\"https:\/\/seuimovelnaflorida.com\/contact-me\/\",\"name\":\"Contato - Im\u00f3veis nos EUA, Orlando, Miami, Florida.\",\"isPartOf\":{\"@id\":\"\/#website\"},\"datePublished\":\"2014-12-10T01:43:46+00:00\",\"dateModified\":\"2023-01-17T03:29:20+00:00\",\"description\":\"Contato - Im\u00f3veis nos EUA, Orlando, Miami, Florida. Endere\u00e7o 6965 Piazza Grande Ave, Ste 212 - Orlando, Florida -32835, BRA - SP: 011.3197.4717Contact Me - Houses For Sale Florida, Orlando, Miami. Address 6965 Piazza Grande Ave, Ste 212 - Orlando, Florida -32835, USA - O: 407.801.8283.\",\"breadcrumb\":{\"@id\":\"https:\/\/seuimovelnaflorida.com\/contact-me\/#breadcrumb\"},\"inLanguage\":\"en-US\",\"potentialAction\":[{\"@type\":\"ReadAction\",\"target\":[\"https:\/\/seuimovelnaflorida.com\/contact-me\/\"]}]},{\"@type\":\"BreadcrumbList\",\"@id\":\"https:\/\/seuimovelnaflorida.com\/contact-me\/#breadcrumb\",\"itemListElement\":[{\"@type\":\"ListItem\",\"position\":1,\"name\":\"Home\",\"item\":\"https:\/\/seuimovelnaflorida.com\/\"},{\"@type\":\"ListItem\",\"position\":2,\"name\":\"Contato\"}]},{\"@type\":\"WebSite\",\"@id\":\"\/#website\",\"url\":\"\/\",\"name\":\"Im\u00f3veis em Orlando, Miami, Florida - Casas e apartamentos - Gleyson Persio Silva\",\"description\":\"Realtor\",\"potentialAction\":[{\"@type\":\"SearchAction\",\"target\":{\"@type\":\"EntryPoint\",\"urlTemplate\":\"\/?s={search_term_string}\"},\"query-input\":{\"@type\":\"PropertyValueSpecification\",\"valueRequired\":true,\"valueName\":\"search_term_string\"}}],\"inLanguage\":\"en-US\"}]}<\/script>\n<!-- \/ Yoast SEO plugin. -->","yoast_head_json":{"title":"Contato - Im\u00f3veis nos EUA, Orlando, Miami, Florida.","description":"Contato - Im\u00f3veis nos EUA, Orlando, Miami, Florida. Endere\u00e7o 6965 Piazza Grande Ave, Ste 212 - Orlando, Florida -32835, BRA - SP: 011.3197.4717Contact Me - Houses For Sale Florida, Orlando, Miami. Address 6965 Piazza Grande Ave, Ste 212 - Orlando, Florida -32835, USA - O: 407.801.8283.","robots":{"index":"index","follow":"follow","max-snippet":"max-snippet:-1","max-image-preview":"max-image-preview:large","max-video-preview":"max-video-preview:-1"},"canonical":"https:\/\/seuimovelnaflorida.com\/contact-me\/","og_locale":"en_US","og_type":"article","og_title":"Contato - Im\u00f3veis nos EUA, Orlando, Miami, Florida.","og_description":"Contato - Im\u00f3veis nos EUA, Orlando, Miami, Florida. Endere\u00e7o 6965 Piazza Grande Ave, Ste 212 - Orlando, Florida -32835, BRA - SP: 011.3197.4717Contact Me - Houses For Sale Florida, Orlando, Miami. Address 6965 Piazza Grande Ave, Ste 212 - Orlando, Florida -32835, USA - O: 407.801.8283.","og_url":"https:\/\/seuimovelnaflorida.com\/contact-me\/","og_site_name":"Im\u00f3veis em Orlando, Miami, Florida - Casas e apartamentos - Gleyson Persio Silva","article_modified_time":"2023-01-17T03:29:20+00:00","twitter_card":"summary_large_image","twitter_misc":{"Est. reading time":"1 minute"},"schema":{"@context":"https:\/\/schema.org","@graph":[{"@type":"WebPage","@id":"https:\/\/seuimovelnaflorida.com\/contact-me\/","url":"https:\/\/seuimovelnaflorida.com\/contact-me\/","name":"Contato - Im\u00f3veis nos EUA, Orlando, Miami, Florida.","isPartOf":{"@id":"\/#website"},"datePublished":"2014-12-10T01:43:46+00:00","dateModified":"2023-01-17T03:29:20+00:00","description":"Contato - Im\u00f3veis nos EUA, Orlando, Miami, Florida. Endere\u00e7o 6965 Piazza Grande Ave, Ste 212 - Orlando, Florida -32835, BRA - SP: 011.3197.4717Contact Me - Houses For Sale Florida, Orlando, Miami. Address 6965 Piazza Grande Ave, Ste 212 - Orlando, Florida -32835, USA - O: 407.801.8283.","breadcrumb":{"@id":"https:\/\/seuimovelnaflorida.com\/contact-me\/#breadcrumb"},"inLanguage":"en-US","potentialAction":[{"@type":"ReadAction","target":["https:\/\/seuimovelnaflorida.com\/contact-me\/"]}]},{"@type":"BreadcrumbList","@id":"https:\/\/seuimovelnaflorida.com\/contact-me\/#breadcrumb","itemListElement":[{"@type":"ListItem","position":1,"name":"Home","item":"https:\/\/seuimovelnaflorida.com\/"},{"@type":"ListItem","position":2,"name":"Contato"}]},{"@type":"WebSite","@id":"\/#website","url":"\/","name":"Im\u00f3veis em Orlando, Miami, Florida - Casas e apartamentos - Gleyson Persio Silva","description":"Realtor","potentialAction":[{"@type":"SearchAction","target":{"@type":"EntryPoint","urlTemplate":"\/?s={search_term_string}"},"query-input":{"@type":"PropertyValueSpecification","valueRequired":true,"valueName":"search_term_string"}}],"inLanguage":"en-US"}]}},"_links":{"self":[{"href":"https:\/\/seuimovelnaflorida.com\/en\/wp-json\/wp\/v2\/pages\/27","targetHints":{"allow":["GET"]}}],"collection":[{"href":"https:\/\/seuimovelnaflorida.com\/en\/wp-json\/wp\/v2\/pages"}],"about":[{"href":"https:\/\/seuimovelnaflorida.com\/en\/wp-json\/wp\/v2\/types\/page"}],"author":[{"embeddable":true,"href":"https:\/\/seuimovelnaflorida.com\/en\/wp-json\/wp\/v2\/users\/3"}],"replies":[{"embeddable":true,"href":"https:\/\/seuimovelnaflorida.com\/en\/wp-json\/wp\/v2\/comments?post=27"}],"version-history":[{"count":6,"href":"https:\/\/seuimovelnaflorida.com\/en\/wp-json\/wp\/v2\/pages\/27\/revisions"}],"predecessor-version":[{"id":5291,"href":"https:\/\/seuimovelnaflorida.com\/en\/wp-json\/wp\/v2\/pages\/27\/revisions\/5291"}],"wp:attachment":[{"href":"https:\/\/seuimovelnaflorida.com\/en\/wp-json\/wp\/v2\/media?parent=27"}],"curies":[{"name":"wp","href":"https:\/\/api.w.org\/{rel}","templated":true}]}}