{"id":28,"date":"2014-12-10T01:42:29","date_gmt":"2014-12-10T01:42:29","guid":{"rendered":"http:\/\/gleysonsilva.com\/new\/?page_id=28"},"modified":"2016-06-03T18:42:40","modified_gmt":"2016-06-03T18:42:40","slug":"financing","status":"publish","type":"page","link":"https:\/\/seuimovelnaflorida.com\/en\/financing\/","title":{"rendered":"Financing"},"content":{"rendered":"<p><\/p>\n<p style=\"text-align: justify;\"><span style=\"color: #333333;\"><a style=\"color: #333333;\" href=\"http:\/\/seuimovelnaflorida.com\/wp-content\/uploads\/2014\/12\/investment_calculator1.jpg\"><img fetchpriority=\"high\" decoding=\"async\" class=\"alignnone size-medium wp-image-100\" src=\"http:\/\/seuimovelnaflorida.com\/wp-content\/uploads\/2014\/12\/investment_calculator1-300x200.jpg\" alt=\"investment_calculator1\" width=\"300\" height=\"200\" srcset=\"https:\/\/seuimovelnaflorida.com\/wp-content\/uploads\/2014\/12\/investment_calculator1-300x200.jpg 300w, https:\/\/seuimovelnaflorida.com\/wp-content\/uploads\/2014\/12\/investment_calculator1-1024x682.jpg 1024w, https:\/\/seuimovelnaflorida.com\/wp-content\/uploads\/2014\/12\/investment_calculator1.jpg 1280w\" sizes=\"(max-width: 300px) 100vw, 300px\" \/><\/a><\/span><\/p>\n<p style=\"text-align: justify;\"><span style=\"color: #333333;\"><strong>FAQ on Foreign National Financing:<\/strong><\/span><\/p>\n<p style=\"text-align: justify;\"><span style=\"color: #333333;\"><strong>Can a Foreigner Acquire a Property in the USA?<\/strong><\/span><\/p>\n<p style=\"text-align: justify;\"><span style=\"color: #333333;\">Yes, people of any nationality can acquire a property in the USA.<\/span><\/p>\n<p style=\"text-align: justify;\"><span style=\"color: #333333;\"><strong>How is the Procedure of Buying a Property in Cash?<\/strong><\/span><\/p>\n<p style=\"text-align: justify;\"><span style=\"color: #333333;\">If you are buying cash, you will need a copy of your passport and a letter (preferably in English) from your bank stating that you have the money available in your account, or even a normal bank statement will suffice.<\/span><\/p>\n<p style=\"text-align: justify;\"><span style=\"color: #333333;\"><strong>Is There Any Type of Financing Available for Foreigners?<\/strong><\/span><\/p>\n<p style=\"text-align: justify;\"><span style=\"color: #333333;\">Yes, some banks are providing financing to foreigners. Below is the necessary documentation:<\/span><\/p>\n<p style=\"text-align: justify;\"><span style=\"color: #333333;\">4 reference letters which can be from credit card companies, car financing company, or any other establishment that you have purchased in credit and are still making payments;<\/span><br \/>\n<span style=\"color: #333333;\"> Copy of valid passport and visa;<\/span><br \/>\n<span style=\"color: #333333;\"> 3 months of bank statements showing the amount that will be using to give as the initial payment for the purchase of the property;<\/span><br \/>\n<span style=\"color: #333333;\"> Copy of your CPA license;<\/span><br \/>\n<span style=\"color: #333333;\"> Copy of 2010, residential PROPERTY TAX if you are the owner of any property;<\/span><br \/>\n<span style=\"color: #333333;\"> Letter from employer showing the wages of the last 3 years or your income taxes if you are self employed.<\/span><\/p>\n<p style=\"text-align: justify;\"><span style=\"color: #333333;\">The Type of Financing Called &#8220;Foreign National&#8221; Works Like This:<\/span><\/p>\n<p style=\"text-align: justify;\"><span style=\"color: #333333;\">25-35{42a1b7a097aed7f9a8f5756c530add0b7abb7dd5010c9b70d662270940908a5c} minimum downpayment;<\/span><br \/>\n<span style=\"color: #333333;\"> 40{42a1b7a097aed7f9a8f5756c530add0b7abb7dd5010c9b70d662270940908a5c} for condos;<\/span><br \/>\n<span style=\"color: #333333;\"> Interest of +\/- 5{42a1b7a097aed7f9a8f5756c530add0b7abb7dd5010c9b70d662270940908a5c} for 5 years (5\/1 ARM) then fluctuates for 25 years;<\/span><br \/>\n<span style=\"color: #333333;\"> Closing between 30 to 45 days.<\/span><br \/>\n<span style=\"color: #333333;\"> The interest rates are very low, but there is no estimate of how long they will remain like this, since normally the interest amount is 7.125{42a1b7a097aed7f9a8f5756c530add0b7abb7dd5010c9b70d662270940908a5c}. At the present time the foreign buyer has the same interest rate as an american buyer. Excellent opportunity!<\/span><\/p>\n<p style=\"text-align: justify;\"><span style=\"color: #333333;\"><strong>Do I Need to Use Several Different Realtors?<\/strong><\/span><\/p>\n<p style=\"text-align: justify;\"><span style=\"color: #333333;\">Absolutely not. This is one of the great differences of buying property in the US compared to other countries because one REALTOR is already sufficient to research and show you all properties available on the market, due to the existence of a single database listing called MLS (Multiple Listing Service).<\/span><\/p>\n<p style=\"text-align: justify;\"><span style=\"color: #333333;\">However, it is important that you demonstrate loyalty to your realtor, because he is representing your best interest. From the time you select your agent, he&#8217;ll be spending dozens of hours in a research, analysis, and visits to several properties. Work with fidelity and trust the professional that you have chosen.<\/span><\/p>\n<p style=\"text-align: justify;\"><span style=\"color: #333333;\"><strong>Who Pays the Realtor&#8217;s Commission?<\/strong><\/span><\/p>\n<p style=\"text-align: justify;\"><span style=\"color: #333333;\">Good News! The owner of the property in the one who pays the commissions, the builder (for brand new homes) or the Bank (for properties in Short Sale or REO&#8217;s). Let my years of experience work for you, free of charge!<\/span><\/p>\n<p style=\"text-align: justify;\"><span style=\"color: #333333;\"><strong>What Will I be Spending if I&#8217;m Buying a Property in Cash?<\/strong><\/span><\/p>\n<p style=\"text-align: justify;\"><span style=\"color: #333333;\">When buying a property in cash, you will have the following expenses:<\/span><\/p>\n<p style=\"text-align: justify;\"><span style=\"color: #333333;\">The Down Payment;<\/span><br \/>\n<span style=\"color: #333333;\"> The Closing Costs &#8211; which will be less than 1{42a1b7a097aed7f9a8f5756c530add0b7abb7dd5010c9b70d662270940908a5c} of the property;<\/span><br \/>\n<span style=\"color: #333333;\"> The Home Inspection, Appraisal and Survey which will be optional.<\/span><\/p>\n<p style=\"text-align: justify;\"><span style=\"color: #333333;\"><strong>What Will I be Spending if I&#8217;m Buying a Financed Property?<\/strong><\/span><\/p>\n<p style=\"text-align: justify;\"><span style=\"color: #333333;\">When buying a financed property, you will have the following expenses:<\/span><\/p>\n<p style=\"text-align: justify;\"><span style=\"color: #333333;\">The Down Payment;<\/span><br \/>\n<span style=\"color: #333333;\"> The Closing Costs \u2013 typically 3{42a1b7a097aed7f9a8f5756c530add0b7abb7dd5010c9b70d662270940908a5c} to 5{42a1b7a097aed7f9a8f5756c530add0b7abb7dd5010c9b70d662270940908a5c} of the financed amount;<\/span><br \/>\n<span style=\"color: #333333;\"> The Down Payment is the initial deposit, made out to the title company, so the owner can take the property out of the market and reserve it or you;<\/span><br \/>\n<span style=\"color: #333333;\"> In Closing Costs are involved: the cost of financing, title company fees, taxes, insurance, HOA fees, deed recording, etc.<\/span><br \/>\n<span style=\"color: #333333;\"> The Home Inspection, Appraisal and Survey will be mandatory.<\/span><\/p>\n<p style=\"text-align: justify;\"><span style=\"color: #ff6600;\">Use our virtual calculator below to determine your mortgage monthly payments!<\/span><\/p>\n<p><\/p>","protected":false},"excerpt":{"rendered":"<p>FAQ on Foreign National Financing: Can a Foreigner Acquire a Property in the USA? Yes, people of any nationality can acquire a property in the USA. How is the Procedure of Buying a Property in Cash? If you are buying cash, you will need a copy of your passport and a letter (preferably in English) [&hellip;]<\/p>\n","protected":false},"author":3,"featured_media":0,"parent":0,"menu_order":0,"comment_status":"closed","ping_status":"closed","template":"page-financing.php","meta":{"_acf_changed":false,"footnotes":""},"class_list":["post-28","page","type-page","status-publish","hentry"],"acf":[],"yoast_head":"<!-- This site is optimized with the Yoast SEO plugin v24.9 - https:\/\/yoast.com\/wordpress\/plugins\/seo\/ -->\n<title>Financiamento de Im\u00f3veis nos EUA<\/title>\n<meta name=\"description\" content=\"Financiamento de Im\u00f3veis nos EUA. Entenda como funciona o financiamento de im\u00f3veis nos EUA de forma f\u00e1cil atrav\u00e9s de perguntas e respostas. Saiba mais.\" \/>\n<meta name=\"robots\" content=\"index, follow, max-snippet:-1, max-image-preview:large, max-video-preview:-1\" \/>\n<link rel=\"canonical\" href=\"https:\/\/seuimovelnaflorida.com\/financing\/\" \/>\n<meta property=\"og:locale\" content=\"en_US\" \/>\n<meta property=\"og:type\" content=\"article\" \/>\n<meta property=\"og:title\" content=\"Financiamento de Im\u00f3veis nos EUA\" \/>\n<meta property=\"og:description\" content=\"Financiamento de Im\u00f3veis nos EUA. Entenda como funciona o financiamento de im\u00f3veis nos EUA de forma f\u00e1cil atrav\u00e9s de perguntas e respostas. Saiba mais.\" \/>\n<meta property=\"og:url\" content=\"https:\/\/seuimovelnaflorida.com\/financing\/\" \/>\n<meta property=\"og:site_name\" content=\"Im\u00f3veis em Orlando, Miami, Florida - Casas e apartamentos - Gleyson Persio Silva\" \/>\n<meta property=\"article:modified_time\" content=\"2016-06-03T18:42:40+00:00\" \/>\n<meta property=\"og:image\" content=\"http:\/\/seuimovelnaflorida.com\/wp-content\/uploads\/2014\/12\/investment_calculator1-300x200.jpg\" \/>\n<meta name=\"twitter:card\" content=\"summary_large_image\" \/>\n<meta name=\"twitter:label1\" content=\"Est. reading time\" \/>\n\t<meta name=\"twitter:data1\" content=\"7 minutes\" \/>\n<script type=\"application\/ld+json\" class=\"yoast-schema-graph\">{\"@context\":\"https:\/\/schema.org\",\"@graph\":[{\"@type\":\"WebPage\",\"@id\":\"https:\/\/seuimovelnaflorida.com\/financing\/\",\"url\":\"https:\/\/seuimovelnaflorida.com\/financing\/\",\"name\":\"Financiamento de Im\u00f3veis nos EUA\",\"isPartOf\":{\"@id\":\"\/#website\"},\"primaryImageOfPage\":{\"@id\":\"https:\/\/seuimovelnaflorida.com\/financing\/#primaryimage\"},\"image\":{\"@id\":\"https:\/\/seuimovelnaflorida.com\/financing\/#primaryimage\"},\"thumbnailUrl\":\"http:\/\/seuimovelnaflorida.com\/wp-content\/uploads\/2014\/12\/investment_calculator1-300x200.jpg\",\"datePublished\":\"2014-12-10T01:42:29+00:00\",\"dateModified\":\"2016-06-03T18:42:40+00:00\",\"description\":\"Financiamento de Im\u00f3veis nos EUA. Entenda como funciona o financiamento de im\u00f3veis nos EUA de forma f\u00e1cil atrav\u00e9s de perguntas e respostas. Saiba mais.\",\"breadcrumb\":{\"@id\":\"https:\/\/seuimovelnaflorida.com\/financing\/#breadcrumb\"},\"inLanguage\":\"en-US\",\"potentialAction\":[{\"@type\":\"ReadAction\",\"target\":[\"https:\/\/seuimovelnaflorida.com\/financing\/\"]}]},{\"@type\":\"ImageObject\",\"inLanguage\":\"en-US\",\"@id\":\"https:\/\/seuimovelnaflorida.com\/financing\/#primaryimage\",\"url\":\"http:\/\/seuimovelnaflorida.com\/wp-content\/uploads\/2014\/12\/investment_calculator1-300x200.jpg\",\"contentUrl\":\"http:\/\/seuimovelnaflorida.com\/wp-content\/uploads\/2014\/12\/investment_calculator1-300x200.jpg\"},{\"@type\":\"BreadcrumbList\",\"@id\":\"https:\/\/seuimovelnaflorida.com\/financing\/#breadcrumb\",\"itemListElement\":[{\"@type\":\"ListItem\",\"position\":1,\"name\":\"Home\",\"item\":\"https:\/\/seuimovelnaflorida.com\/\"},{\"@type\":\"ListItem\",\"position\":2,\"name\":\"Financiamento de Im\u00f3veis nos EUA\"}]},{\"@type\":\"WebSite\",\"@id\":\"\/#website\",\"url\":\"\/\",\"name\":\"Im\u00f3veis em Orlando, Miami, Florida - Casas e apartamentos - Gleyson Persio Silva\",\"description\":\"Realtor\",\"potentialAction\":[{\"@type\":\"SearchAction\",\"target\":{\"@type\":\"EntryPoint\",\"urlTemplate\":\"\/?s={search_term_string}\"},\"query-input\":{\"@type\":\"PropertyValueSpecification\",\"valueRequired\":true,\"valueName\":\"search_term_string\"}}],\"inLanguage\":\"en-US\"}]}<\/script>\n<!-- \/ Yoast SEO plugin. -->","yoast_head_json":{"title":"Financiamento de Im\u00f3veis nos EUA","description":"Financiamento de Im\u00f3veis nos EUA. Entenda como funciona o financiamento de im\u00f3veis nos EUA de forma f\u00e1cil atrav\u00e9s de perguntas e respostas. Saiba mais.","robots":{"index":"index","follow":"follow","max-snippet":"max-snippet:-1","max-image-preview":"max-image-preview:large","max-video-preview":"max-video-preview:-1"},"canonical":"https:\/\/seuimovelnaflorida.com\/financing\/","og_locale":"en_US","og_type":"article","og_title":"Financiamento de Im\u00f3veis nos EUA","og_description":"Financiamento de Im\u00f3veis nos EUA. Entenda como funciona o financiamento de im\u00f3veis nos EUA de forma f\u00e1cil atrav\u00e9s de perguntas e respostas. Saiba mais.","og_url":"https:\/\/seuimovelnaflorida.com\/financing\/","og_site_name":"Im\u00f3veis em Orlando, Miami, Florida - Casas e apartamentos - Gleyson Persio Silva","article_modified_time":"2016-06-03T18:42:40+00:00","og_image":[{"url":"http:\/\/seuimovelnaflorida.com\/wp-content\/uploads\/2014\/12\/investment_calculator1-300x200.jpg","type":"","width":"","height":""}],"twitter_card":"summary_large_image","twitter_misc":{"Est. reading time":"7 minutes"},"schema":{"@context":"https:\/\/schema.org","@graph":[{"@type":"WebPage","@id":"https:\/\/seuimovelnaflorida.com\/financing\/","url":"https:\/\/seuimovelnaflorida.com\/financing\/","name":"Financiamento de Im\u00f3veis nos EUA","isPartOf":{"@id":"\/#website"},"primaryImageOfPage":{"@id":"https:\/\/seuimovelnaflorida.com\/financing\/#primaryimage"},"image":{"@id":"https:\/\/seuimovelnaflorida.com\/financing\/#primaryimage"},"thumbnailUrl":"http:\/\/seuimovelnaflorida.com\/wp-content\/uploads\/2014\/12\/investment_calculator1-300x200.jpg","datePublished":"2014-12-10T01:42:29+00:00","dateModified":"2016-06-03T18:42:40+00:00","description":"Financiamento de Im\u00f3veis nos EUA. Entenda como funciona o financiamento de im\u00f3veis nos EUA de forma f\u00e1cil atrav\u00e9s de perguntas e respostas. Saiba mais.","breadcrumb":{"@id":"https:\/\/seuimovelnaflorida.com\/financing\/#breadcrumb"},"inLanguage":"en-US","potentialAction":[{"@type":"ReadAction","target":["https:\/\/seuimovelnaflorida.com\/financing\/"]}]},{"@type":"ImageObject","inLanguage":"en-US","@id":"https:\/\/seuimovelnaflorida.com\/financing\/#primaryimage","url":"http:\/\/seuimovelnaflorida.com\/wp-content\/uploads\/2014\/12\/investment_calculator1-300x200.jpg","contentUrl":"http:\/\/seuimovelnaflorida.com\/wp-content\/uploads\/2014\/12\/investment_calculator1-300x200.jpg"},{"@type":"BreadcrumbList","@id":"https:\/\/seuimovelnaflorida.com\/financing\/#breadcrumb","itemListElement":[{"@type":"ListItem","position":1,"name":"Home","item":"https:\/\/seuimovelnaflorida.com\/"},{"@type":"ListItem","position":2,"name":"Financiamento de Im\u00f3veis nos EUA"}]},{"@type":"WebSite","@id":"\/#website","url":"\/","name":"Im\u00f3veis em Orlando, Miami, Florida - Casas e apartamentos - Gleyson Persio Silva","description":"Realtor","potentialAction":[{"@type":"SearchAction","target":{"@type":"EntryPoint","urlTemplate":"\/?s={search_term_string}"},"query-input":{"@type":"PropertyValueSpecification","valueRequired":true,"valueName":"search_term_string"}}],"inLanguage":"en-US"}]}},"_links":{"self":[{"href":"https:\/\/seuimovelnaflorida.com\/en\/wp-json\/wp\/v2\/pages\/28","targetHints":{"allow":["GET"]}}],"collection":[{"href":"https:\/\/seuimovelnaflorida.com\/en\/wp-json\/wp\/v2\/pages"}],"about":[{"href":"https:\/\/seuimovelnaflorida.com\/en\/wp-json\/wp\/v2\/types\/page"}],"author":[{"embeddable":true,"href":"https:\/\/seuimovelnaflorida.com\/en\/wp-json\/wp\/v2\/users\/3"}],"replies":[{"embeddable":true,"href":"https:\/\/seuimovelnaflorida.com\/en\/wp-json\/wp\/v2\/comments?post=28"}],"version-history":[{"count":7,"href":"https:\/\/seuimovelnaflorida.com\/en\/wp-json\/wp\/v2\/pages\/28\/revisions"}],"predecessor-version":[{"id":2631,"href":"https:\/\/seuimovelnaflorida.com\/en\/wp-json\/wp\/v2\/pages\/28\/revisions\/2631"}],"wp:attachment":[{"href":"https:\/\/seuimovelnaflorida.com\/en\/wp-json\/wp\/v2\/media?parent=28"}],"curies":[{"name":"wp","href":"https:\/\/api.w.org\/{rel}","templated":true}]}}