{"id":38,"date":"2014-12-10T01:46:16","date_gmt":"2014-12-10T01:46:16","guid":{"rendered":"http:\/\/gleysonsilva.com\/new\/?page_id=38"},"modified":"2019-07-18T17:05:57","modified_gmt":"2019-07-18T17:05:57","slug":"success-stories","status":"publish","type":"page","link":"https:\/\/seuimovelnaflorida.com\/en\/success-stories\/","title":{"rendered":"Success Stories"},"content":{"rendered":"<p><span style=\"color: #000000;\">Com esse craque da Sele\u00e7\u00e3o Brasileira em evento fechado da Florida Cup 2016.<\/span><\/p>","protected":false},"excerpt":{"rendered":"<p>Com esse craque da Sele\u00e7\u00e3o Brasileira em evento fechado da Florida Cup 2016.<\/p>\n","protected":false},"author":3,"featured_media":3821,"parent":0,"menu_order":0,"comment_status":"closed","ping_status":"closed","template":"page-success-stories.php","meta":{"_acf_changed":false,"footnotes":""},"class_list":["post-38","page","type-page","status-publish","has-post-thumbnail","hentry"],"acf":[],"yoast_head":"<!-- This site is optimized with the Yoast SEO plugin v24.9 - https:\/\/yoast.com\/wordpress\/plugins\/seo\/ -->\n<title>Success Stories - Im\u00f3veis em Orlando, Miami, Florida - Casas e apartamentos - Gleyson Persio Silva<\/title>\n<meta name=\"robots\" content=\"index, follow, max-snippet:-1, max-image-preview:large, max-video-preview:-1\" \/>\n<link rel=\"canonical\" href=\"https:\/\/seuimovelnaflorida.com\/success-stories\/\" \/>\n<meta property=\"og:locale\" content=\"en_US\" \/>\n<meta property=\"og:type\" content=\"article\" \/>\n<meta property=\"og:title\" content=\"[:pt]Depoimentos[:en]Success Stories[:] - Im\u00f3veis em Orlando, Miami, Florida - Casas e apartamentos - Gleyson Persio Silva\" \/>\n<meta property=\"og:description\" content=\"Com esse craque da Sele\u00e7\u00e3o Brasileira em evento fechado da Florida Cup 2016.\" \/>\n<meta property=\"og:url\" content=\"https:\/\/seuimovelnaflorida.com\/success-stories\/\" \/>\n<meta property=\"og:site_name\" content=\"Im\u00f3veis em Orlando, Miami, Florida - Casas e apartamentos - Gleyson Persio Silva\" \/>\n<meta property=\"article:modified_time\" content=\"2019-07-18T17:05:57+00:00\" \/>\n<meta property=\"og:image\" content=\"https:\/\/seuimovelnaflorida.com\/wp-content\/uploads\/2014\/12\/Rivaldo.png\" \/>\n\t<meta property=\"og:image:width\" content=\"768\" \/>\n\t<meta property=\"og:image:height\" content=\"768\" \/>\n\t<meta property=\"og:image:type\" content=\"image\/png\" \/>\n<meta name=\"twitter:card\" content=\"summary_large_image\" \/>\n<script type=\"application\/ld+json\" class=\"yoast-schema-graph\">{\"@context\":\"https:\/\/schema.org\",\"@graph\":[{\"@type\":\"WebPage\",\"@id\":\"https:\/\/seuimovelnaflorida.com\/success-stories\/\",\"url\":\"https:\/\/seuimovelnaflorida.com\/success-stories\/\",\"name\":\"[:pt]Depoimentos[:en]Success Stories[:] - Im\u00f3veis em Orlando, Miami, Florida - Casas e apartamentos - Gleyson Persio Silva\",\"isPartOf\":{\"@id\":\"\/#website\"},\"primaryImageOfPage\":{\"@id\":\"https:\/\/seuimovelnaflorida.com\/success-stories\/#primaryimage\"},\"image\":{\"@id\":\"https:\/\/seuimovelnaflorida.com\/success-stories\/#primaryimage\"},\"thumbnailUrl\":\"https:\/\/seuimovelnaflorida.com\/wp-content\/uploads\/2014\/12\/Rivaldo.png\",\"datePublished\":\"2014-12-10T01:46:16+00:00\",\"dateModified\":\"2019-07-18T17:05:57+00:00\",\"breadcrumb\":{\"@id\":\"https:\/\/seuimovelnaflorida.com\/success-stories\/#breadcrumb\"},\"inLanguage\":\"en-US\",\"potentialAction\":[{\"@type\":\"ReadAction\",\"target\":[\"https:\/\/seuimovelnaflorida.com\/success-stories\/\"]}]},{\"@type\":\"ImageObject\",\"inLanguage\":\"en-US\",\"@id\":\"https:\/\/seuimovelnaflorida.com\/success-stories\/#primaryimage\",\"url\":\"https:\/\/seuimovelnaflorida.com\/wp-content\/uploads\/2014\/12\/Rivaldo.png\",\"contentUrl\":\"https:\/\/seuimovelnaflorida.com\/wp-content\/uploads\/2014\/12\/Rivaldo.png\",\"width\":768,\"height\":768},{\"@type\":\"BreadcrumbList\",\"@id\":\"https:\/\/seuimovelnaflorida.com\/success-stories\/#breadcrumb\",\"itemListElement\":[{\"@type\":\"ListItem\",\"position\":1,\"name\":\"Home\",\"item\":\"https:\/\/seuimovelnaflorida.com\/\"},{\"@type\":\"ListItem\",\"position\":2,\"name\":\"Depoimentos\"}]},{\"@type\":\"WebSite\",\"@id\":\"\/#website\",\"url\":\"\/\",\"name\":\"Im\u00f3veis em Orlando, Miami, Florida - Casas e apartamentos - Gleyson Persio Silva\",\"description\":\"Realtor\",\"potentialAction\":[{\"@type\":\"SearchAction\",\"target\":{\"@type\":\"EntryPoint\",\"urlTemplate\":\"\/?s={search_term_string}\"},\"query-input\":{\"@type\":\"PropertyValueSpecification\",\"valueRequired\":true,\"valueName\":\"search_term_string\"}}],\"inLanguage\":\"en-US\"}]}<\/script>\n<!-- \/ Yoast SEO plugin. -->","yoast_head_json":{"title":"[:pt]Depoimentos[:en]Success Stories[:] - Im\u00f3veis em Orlando, Miami, Florida - Casas e apartamentos - Gleyson Persio Silva","robots":{"index":"index","follow":"follow","max-snippet":"max-snippet:-1","max-image-preview":"max-image-preview:large","max-video-preview":"max-video-preview:-1"},"canonical":"https:\/\/seuimovelnaflorida.com\/success-stories\/","og_locale":"en_US","og_type":"article","og_title":"[:pt]Depoimentos[:en]Success Stories[:] - Im\u00f3veis em Orlando, Miami, Florida - Casas e apartamentos - Gleyson Persio Silva","og_description":"Com esse craque da Sele\u00e7\u00e3o Brasileira em evento fechado da Florida Cup 2016.","og_url":"https:\/\/seuimovelnaflorida.com\/success-stories\/","og_site_name":"Im\u00f3veis em Orlando, Miami, Florida - Casas e apartamentos - Gleyson Persio Silva","article_modified_time":"2019-07-18T17:05:57+00:00","og_image":[{"width":768,"height":768,"url":"https:\/\/seuimovelnaflorida.com\/wp-content\/uploads\/2014\/12\/Rivaldo.png","type":"image\/png"}],"twitter_card":"summary_large_image","schema":{"@context":"https:\/\/schema.org","@graph":[{"@type":"WebPage","@id":"https:\/\/seuimovelnaflorida.com\/success-stories\/","url":"https:\/\/seuimovelnaflorida.com\/success-stories\/","name":"[:pt]Depoimentos[:en]Success Stories[:] - Im\u00f3veis em Orlando, Miami, Florida - Casas e apartamentos - Gleyson Persio Silva","isPartOf":{"@id":"\/#website"},"primaryImageOfPage":{"@id":"https:\/\/seuimovelnaflorida.com\/success-stories\/#primaryimage"},"image":{"@id":"https:\/\/seuimovelnaflorida.com\/success-stories\/#primaryimage"},"thumbnailUrl":"https:\/\/seuimovelnaflorida.com\/wp-content\/uploads\/2014\/12\/Rivaldo.png","datePublished":"2014-12-10T01:46:16+00:00","dateModified":"2019-07-18T17:05:57+00:00","breadcrumb":{"@id":"https:\/\/seuimovelnaflorida.com\/success-stories\/#breadcrumb"},"inLanguage":"en-US","potentialAction":[{"@type":"ReadAction","target":["https:\/\/seuimovelnaflorida.com\/success-stories\/"]}]},{"@type":"ImageObject","inLanguage":"en-US","@id":"https:\/\/seuimovelnaflorida.com\/success-stories\/#primaryimage","url":"https:\/\/seuimovelnaflorida.com\/wp-content\/uploads\/2014\/12\/Rivaldo.png","contentUrl":"https:\/\/seuimovelnaflorida.com\/wp-content\/uploads\/2014\/12\/Rivaldo.png","width":768,"height":768},{"@type":"BreadcrumbList","@id":"https:\/\/seuimovelnaflorida.com\/success-stories\/#breadcrumb","itemListElement":[{"@type":"ListItem","position":1,"name":"Home","item":"https:\/\/seuimovelnaflorida.com\/"},{"@type":"ListItem","position":2,"name":"Depoimentos"}]},{"@type":"WebSite","@id":"\/#website","url":"\/","name":"Im\u00f3veis em Orlando, Miami, Florida - Casas e apartamentos - Gleyson Persio Silva","description":"Realtor","potentialAction":[{"@type":"SearchAction","target":{"@type":"EntryPoint","urlTemplate":"\/?s={search_term_string}"},"query-input":{"@type":"PropertyValueSpecification","valueRequired":true,"valueName":"search_term_string"}}],"inLanguage":"en-US"}]}},"_links":{"self":[{"href":"https:\/\/seuimovelnaflorida.com\/en\/wp-json\/wp\/v2\/pages\/38","targetHints":{"allow":["GET"]}}],"collection":[{"href":"https:\/\/seuimovelnaflorida.com\/en\/wp-json\/wp\/v2\/pages"}],"about":[{"href":"https:\/\/seuimovelnaflorida.com\/en\/wp-json\/wp\/v2\/types\/page"}],"author":[{"embeddable":true,"href":"https:\/\/seuimovelnaflorida.com\/en\/wp-json\/wp\/v2\/users\/3"}],"replies":[{"embeddable":true,"href":"https:\/\/seuimovelnaflorida.com\/en\/wp-json\/wp\/v2\/comments?post=38"}],"version-history":[{"count":2,"href":"https:\/\/seuimovelnaflorida.com\/en\/wp-json\/wp\/v2\/pages\/38\/revisions"}],"predecessor-version":[{"id":3822,"href":"https:\/\/seuimovelnaflorida.com\/en\/wp-json\/wp\/v2\/pages\/38\/revisions\/3822"}],"wp:featuredmedia":[{"embeddable":true,"href":"https:\/\/seuimovelnaflorida.com\/en\/wp-json\/wp\/v2\/media\/3821"}],"wp:attachment":[{"href":"https:\/\/seuimovelnaflorida.com\/en\/wp-json\/wp\/v2\/media?parent=38"}],"curies":[{"name":"wp","href":"https:\/\/api.w.org\/{rel}","templated":true}]}}